{"id":646,"date":"2025-12-12T14:15:00","date_gmt":"2025-12-12T13:15:00","guid":{"rendered":"https:\/\/duoclips.dk\/kurv\/"},"modified":"2026-02-02T13:05:00","modified_gmt":"2026-02-02T12:05:00","slug":"kosar","status":"publish","type":"page","link":"https:\/\/duoclips.dk\/hu\/kurv\/","title":{"rendered":"Kos\u00e1r"},"content":{"rendered":"<div data-elementor-type=\"wp-page\" data-elementor-id=\"646\" class=\"elementor elementor-646\" data-elementor-post-type=\"page\">\n\t\t\t\t<div class=\"elementor-element elementor-element-4e2fa12 e-flex e-con-boxed e-con e-parent\" data-id=\"4e2fa12\" data-element_type=\"container\" data-e-type=\"container\">\n\t\t\t\t\t<div class=\"e-con-inner\">\n\t\t\t\t<div class=\"elementor-element elementor-element-70faaa8 elementor-widget elementor-widget-heading\" data-id=\"70faaa8\" data-element_type=\"widget\" data-e-type=\"widget\" data-widget_type=\"heading.default\">\n\t\t\t\t<div class=\"elementor-widget-container\">\n\t\t\t\t\t<h1 class=\"elementor-heading-title elementor-size-default\">Kos\u00e1r<\/h1>\t\t\t\t<\/div>\n\t\t\t\t<\/div>\n\t\t\t\t\t<\/div>\n\t\t\t\t<\/div>\n\t\t<div class=\"elementor-element elementor-element-58b61bd e-flex e-con-boxed e-con e-parent\" data-id=\"58b61bd\" data-element_type=\"container\" data-e-type=\"container\">\n\t\t\t\t\t<div class=\"e-con-inner\">\n\t\t\t\t\t<\/div>\n\t\t\t\t<\/div>\n\t\t<div class=\"elementor-element elementor-element-9fdfba3 e-flex e-con-boxed e-con e-parent\" data-id=\"9fdfba3\" data-element_type=\"container\" data-e-type=\"container\">\n\t\t\t\t\t<div class=\"e-con-inner\">\n\t\t\t\t<div class=\"elementor-element elementor-element-d2cf0eb elementor-widget elementor-widget-heading\" data-id=\"d2cf0eb\" data-element_type=\"widget\" data-e-type=\"widget\" data-widget_type=\"heading.default\">\n\t\t\t\t<div class=\"elementor-widget-container\">\n\t\t\t\t\t<h2 class=\"elementor-heading-title elementor-size-default\">\u00dcgyf\u00e9lszolg\u00e1lat<\/h2>\t\t\t\t<\/div>\n\t\t\t\t<\/div>\n\t\t<div class=\"elementor-element elementor-element-07bd232 e-con-full e-flex e-con e-child\" data-id=\"07bd232\" data-element_type=\"container\" data-e-type=\"container\">\n\t\t<div class=\"elementor-element elementor-element-1deb01e e-con-full e-flex elementor-invisible e-con e-child\" data-id=\"1deb01e\" data-element_type=\"container\" data-e-type=\"container\" data-settings=\"{&quot;animation&quot;:&quot;fadeInUp&quot;,&quot;background_background&quot;:&quot;classic&quot;}\">\n\t\t\t\t<div class=\"elementor-element elementor-element-d81c2fa elementor-view-framed elementor-shape-circle elementor-widget elementor-widget-icon\" data-id=\"d81c2fa\" data-element_type=\"widget\" data-e-type=\"widget\" data-widget_type=\"icon.default\">\n\t\t\t\t<div class=\"elementor-widget-container\">\n\t\t\t\t\t\t\t<div class=\"elementor-icon-wrapper\">\n\t\t\t<div class=\"elementor-icon\">\n\t\t\t<svg xmlns=\"http:\/\/www.w3.org\/2000\/svg\" id=\"Line\" height=\"512\" viewbox=\"0 0 64 64\" width=\"512\"><path d=\"m20.87012 43.28076a115.75907 115.75907 0 0 0 17.48681 14.3374 13.99511 13.99511 0 0 0 17.61719-1.69531l2.01416-2.01465a6.89922 6.89922 0 0 0 -.00008-9.71191l-4.97843-4.97852a6.992 6.992 0 0 0 -10.26657.55434 2.50542 2.50542 0 0 1 -3.12357.35338 50.56156 50.56156 0 0 1 -15.7417-15.74849 2.49153 2.49153 0 0 1 .36523-3.10644 6.98277 6.98277 0 0 0 .55308-10.26614l-4.97837-4.979a6.87546 6.87546 0 0 0 -9.7124 0l-2.01514 2.01558a13.89176 13.89176 0 0 0 -1.80078 17.45558 115.68112 115.68112 0 0 0 14.58057 17.78418zm-11.36573-33.82568c1.47561-1.47631 3.16488-3.59108 5.45761-3.43834a4.85226 4.85226 0 0 1 3.44184 1.42271l4.97851 4.979a4.99906 4.99906 0 0 1 -.5539 7.43791 4.48161 4.48161 0 0 0 -.6419 5.588 52.559 52.559 0 0 0 16.36472 16.37155 4.49 4.49 0 0 0 5.606-.62987 5.32241 5.32241 0 0 1 3.99318-1.97115 4.8405 4.8405 0 0 1 3.44529 1.417l4.97852 4.97851a4.8363 4.8363 0 0 1 1.42574 3.44185c.15846 2.28945-1.9903 4.00731-3.44006 5.45649a11.98867 11.98867 0 0 1 -15.09265 1.44536 113.85857 113.85857 0 0 1 -31.51172-31.56495 11.88534 11.88534 0 0 1 1.54882-14.93407z\"><\/path><path d=\"m32.34082 6.85547c13.33918-.27854 25.09578 11.47918 24.81767 24.81753a1.00023 1.00023 0 0 0 2.00019-.00024c.29964-14.41217-12.40118-27.11562-26.81416-26.81707a1 1 0 0 0 -.0037 1.99978z\"><\/path><path d=\"m31.34277 22.28418a1.00005 1.00005 0 0 0 1 1 8.42784 8.42784 0 0 1 8.38714 8.38727 1 1 0 0 0 2.00009-.00006 10.38851 10.38851 0 0 0 -10.38723-10.38721 1.00005 1.00005 0 0 0 -1 1z\"><\/path><path d=\"m48.94434 31.67236a1.00011 1.00011 0 0 0 2-.00005c.20641-9.99938-8.60281-18.809-18.60267-18.60233a1.00011 1.00011 0 0 0 .0002 1.99984 16.68034 16.68034 0 0 1 16.60247 16.60254z\"><\/path><\/svg>\t\t\t<\/div>\n\t\t<\/div>\n\t\t\t\t\t\t<\/div>\n\t\t\t\t<\/div>\n\t\t\t\t<div class=\"elementor-element elementor-element-a585fbb elementor-widget elementor-widget-heading\" data-id=\"a585fbb\" data-element_type=\"widget\" data-e-type=\"widget\" data-widget_type=\"heading.default\">\n\t\t\t\t<div class=\"elementor-widget-container\">\n\t\t\t\t\t<span class=\"elementor-heading-title elementor-size-default\">H\u00e9tk\u00f6znapokon 10:00 - 14:00<\/span>\t\t\t\t<\/div>\n\t\t\t\t<\/div>\n\t\t\t\t<div class=\"elementor-element elementor-element-00f45d3 elementor-widget elementor-widget-heading\" data-id=\"00f45d3\" data-element_type=\"widget\" data-e-type=\"widget\" data-widget_type=\"heading.default\">\n\t\t\t\t<div class=\"elementor-widget-container\">\n\t\t\t\t\t<h3 class=\"elementor-heading-title elementor-size-default\"><a href=\"\">+45 28 14 60 85<\/a><\/h3>\t\t\t\t<\/div>\n\t\t\t\t<\/div>\n\t\t\t\t<\/div>\n\t\t<div class=\"elementor-element elementor-element-81dc961 e-con-full e-flex elementor-invisible e-con e-child\" data-id=\"81dc961\" data-element_type=\"container\" data-e-type=\"container\" data-settings=\"{&quot;animation&quot;:&quot;fadeInUp&quot;,&quot;background_background&quot;:&quot;classic&quot;}\">\n\t\t\t\t<div class=\"elementor-element elementor-element-e847bba elementor-view-framed elementor-shape-circle elementor-widget elementor-widget-icon\" data-id=\"e847bba\" data-element_type=\"widget\" data-e-type=\"widget\" data-widget_type=\"icon.default\">\n\t\t\t\t<div class=\"elementor-widget-container\">\n\t\t\t\t\t\t\t<div class=\"elementor-icon-wrapper\">\n\t\t\t<div class=\"elementor-icon\">\n\t\t\t<svg xmlns=\"http:\/\/www.w3.org\/2000\/svg\" xmlns:xlink=\"http:\/\/www.w3.org\/1999\/xlink\" id=\"Layer_1\" x=\"0px\" y=\"0px\" viewbox=\"0 0 512 512\" style=\"enable-background:new 0 0 512 512;\" xml:space=\"preserve\"><g>\t<g>\t\t<path d=\"M469.333,64H42.667C19.135,64,0,83.135,0,106.667v298.667C0,428.865,19.135,448,42.667,448h426.667   C492.865,448,512,428.865,512,405.333V106.667C512,83.135,492.865,64,469.333,64z M42.667,85.333h426.667   c1.572,0,2.957,0.573,4.432,0.897c-36.939,33.807-159.423,145.859-202.286,184.478c-3.354,3.021-8.76,6.625-15.479,6.625   s-12.125-3.604-15.49-6.635C197.652,232.085,75.161,120.027,38.228,86.232C39.706,85.908,41.094,85.333,42.667,85.333z    M21.333,405.333V106.667c0-2.09,0.63-3.986,1.194-5.896c28.272,25.876,113.736,104.06,169.152,154.453   C136.443,302.671,50.957,383.719,22.46,410.893C21.957,409.079,21.333,407.305,21.333,405.333z M469.333,426.667H42.667   c-1.704,0-3.219-0.594-4.81-0.974c29.447-28.072,115.477-109.586,169.742-156.009c7.074,6.417,13.536,12.268,18.63,16.858   c8.792,7.938,19.083,12.125,29.771,12.125s20.979-4.188,29.76-12.115c5.096-4.592,11.563-10.448,18.641-16.868   c54.268,46.418,140.286,127.926,169.742,156.009C472.552,426.073,471.039,426.667,469.333,426.667z M490.667,405.333   c0,1.971-0.624,3.746-1.126,5.56c-28.508-27.188-113.984-108.227-169.219-155.668c55.418-50.393,140.869-128.57,169.151-154.456   c0.564,1.91,1.194,3.807,1.194,5.897V405.333z\"><\/path>\t<\/g><\/g><g><\/g><g><\/g><g><\/g><g><\/g><g><\/g><g><\/g><g><\/g><g><\/g><g><\/g><g><\/g><g><\/g><g><\/g><g><\/g><g><\/g><g><\/g><\/svg>\t\t\t<\/div>\n\t\t<\/div>\n\t\t\t\t\t\t<\/div>\n\t\t\t\t<\/div>\n\t\t\t\t<div class=\"elementor-element elementor-element-5915de5 elementor-widget elementor-widget-heading\" data-id=\"5915de5\" data-element_type=\"widget\" data-e-type=\"widget\" data-widget_type=\"heading.default\">\n\t\t\t\t<div class=\"elementor-widget-container\">\n\t\t\t\t\t<span class=\"elementor-heading-title elementor-size-default\">Email<\/span>\t\t\t\t<\/div>\n\t\t\t\t<\/div>\n\t\t\t\t<div class=\"elementor-element elementor-element-8e8fa65 elementor-widget elementor-widget-heading\" data-id=\"8e8fa65\" data-element_type=\"widget\" data-e-type=\"widget\" data-widget_type=\"heading.default\">\n\t\t\t\t<div class=\"elementor-widget-container\">\n\t\t\t\t\t<h3 class=\"elementor-heading-title elementor-size-default\"><a href=\"mailto:info@duoclips.dk\">info@duoclips.dk<\/a><\/h3>\t\t\t\t<\/div>\n\t\t\t\t<\/div>\n\t\t\t\t<\/div>\n\t\t\t\t<\/div>\n\t\t\t\t\t<\/div>\n\t\t\t\t<\/div>\n\t\t\t\t<\/div>","protected":false},"excerpt":{"rendered":"<p>Kurv Fjern enhed Miniaturebillede Vare Pris Antal Subtotal Rilleclips | Duoclips | 2000 clips 100,00&nbsp;&euro; Rilleclips | Duoclips | 2000 [&hellip;]<\/p>\n","protected":false},"author":1,"featured_media":0,"parent":0,"menu_order":0,"comment_status":"closed","ping_status":"closed","template":"elementor_header_footer","meta":{"site-sidebar-layout":"default","site-content-layout":"","ast-site-content-layout":"default","site-content-style":"default","site-sidebar-style":"default","ast-global-header-display":"","ast-banner-title-visibility":"","ast-main-header-display":"","ast-hfb-above-header-display":"","ast-hfb-below-header-display":"","ast-hfb-mobile-header-display":"","site-post-title":"","ast-breadcrumbs-content":"","ast-featured-img":"","footer-sml-layout":"","ast-disable-related-posts":"","theme-transparent-header-meta":"","adv-header-id-meta":"","stick-header-meta":"","header-above-stick-meta":"","header-main-stick-meta":"","header-below-stick-meta":"","astra-migrate-meta-layouts":"default","ast-page-background-enabled":"default","ast-page-background-meta":{"desktop":{"background-color":"var(--ast-global-color-5)","background-image":"","background-repeat":"repeat","background-position":"center center","background-size":"auto","background-attachment":"scroll","background-type":"","background-media":"","overlay-type":"","overlay-color":"","overlay-opacity":"","overlay-gradient":""},"tablet":{"background-color":"","background-image":"","background-repeat":"repeat","background-position":"center center","background-size":"auto","background-attachment":"scroll","background-type":"","background-media":"","overlay-type":"","overlay-color":"","overlay-opacity":"","overlay-gradient":""},"mobile":{"background-color":"","background-image":"","background-repeat":"repeat","background-position":"center center","background-size":"auto","background-attachment":"scroll","background-type":"","background-media":"","overlay-type":"","overlay-color":"","overlay-opacity":"","overlay-gradient":""}},"ast-content-background-meta":{"desktop":{"background-color":"var(--ast-global-color-4)","background-image":"","background-repeat":"repeat","background-position":"center center","background-size":"auto","background-attachment":"scroll","background-type":"","background-media":"","overlay-type":"","overlay-color":"","overlay-opacity":"","overlay-gradient":""},"tablet":{"background-color":"var(--ast-global-color-4)","background-image":"","background-repeat":"repeat","background-position":"center center","background-size":"auto","background-attachment":"scroll","background-type":"","background-media":"","overlay-type":"","overlay-color":"","overlay-opacity":"","overlay-gradient":""},"mobile":{"background-color":"var(--ast-global-color-4)","background-image":"","background-repeat":"repeat","background-position":"center center","background-size":"auto","background-attachment":"scroll","background-type":"","background-media":"","overlay-type":"","overlay-color":"","overlay-opacity":"","overlay-gradient":""}},"footnotes":""},"class_list":["post-646","page","type-page","status-publish","hentry"],"_links":{"self":[{"href":"https:\/\/duoclips.dk\/hu\/wp-json\/wp\/v2\/pages\/646","targetHints":{"allow":["GET"]}}],"collection":[{"href":"https:\/\/duoclips.dk\/hu\/wp-json\/wp\/v2\/pages"}],"about":[{"href":"https:\/\/duoclips.dk\/hu\/wp-json\/wp\/v2\/types\/page"}],"author":[{"embeddable":true,"href":"https:\/\/duoclips.dk\/hu\/wp-json\/wp\/v2\/users\/1"}],"replies":[{"embeddable":true,"href":"https:\/\/duoclips.dk\/hu\/wp-json\/wp\/v2\/comments?post=646"}],"version-history":[{"count":5,"href":"https:\/\/duoclips.dk\/hu\/wp-json\/wp\/v2\/pages\/646\/revisions"}],"predecessor-version":[{"id":798,"href":"https:\/\/duoclips.dk\/hu\/wp-json\/wp\/v2\/pages\/646\/revisions\/798"}],"wp:attachment":[{"href":"https:\/\/duoclips.dk\/hu\/wp-json\/wp\/v2\/media?parent=646"}],"curies":[{"name":"munkaf\u00fczet","href":"https:\/\/api.w.org\/{rel}","templated":true}]}}